{"id":10116,"date":"2025-06-27T14:53:07","date_gmt":"2025-06-27T14:53:07","guid":{"rendered":"https:\/\/patisserie-rolland.empowerdigitaldata.com\/product\/la-mousse-framboise-chocolat\/"},"modified":"2025-08-08T19:53:21","modified_gmt":"2025-08-08T19:53:21","slug":"la-mousse-framboise-chocolat","status":"publish","type":"product","link":"https:\/\/patisserie-rolland.empowerdigitaldata.com\/en\/product\/la-mousse-framboise-chocolat\/","title":{"rendered":"La Mousse framboise &#038; chocolat"},"content":{"rendered":"<p><a class=\"product-form__add-button button button--primary\" href=\"https:\/\/maison-rolland.order-online.ai\/#\/subcategory\/81174\" target=\"_blank\" rel=\"noopener\" aria-describedby=\"a11y-new-window-message\">Commander en ligne<\/a><\/p>\n<p>Biscuit au chocolat sans farine, mousse au chocolat, biscuit joconde, cr\u00e9meux aux framboises, mousse de framboise, miroir \u00e0 la framboise.<\/p>\n<p>Allergies : \u0152ufs, farine, produits laitiers, Amandes.<\/p>\n<p>Accompagnement: Coulis de Framboises<\/p>\n<p>Dur\u00e9e de vie : 4 \u00e0 5 jours.<\/p>\n<p>Temp\u00e9rature du service : R\u00e9frig\u00e9r\u00e9<\/p>\n","protected":false},"excerpt":{"rendered":"<p>Commander en ligne Biscuit au chocolat sans farine, mousse au chocolat, biscuit joconde, cr\u00e9meux aux framboises, mousse de framboise, miroir \u00e0 la framboise. Allergies : \u0152ufs, farine, produits laitiers, Amandes. Accompagnement: Coulis de Framboises Dur\u00e9e de vie : 4 \u00e0 5 jours. Temp\u00e9rature du service : R\u00e9frig\u00e9r\u00e9<\/p>\n","protected":false},"featured_media":10651,"comment_status":"open","ping_status":"closed","template":"","meta":[],"product_brand":[],"product_cat":[180,185],"product_tag":[162],"class_list":{"0":"post-10116","1":"product","2":"type-product","3":"status-publish","4":"has-post-thumbnail","6":"product_cat-gateaux-mousse-et-entremets","7":"product_cat-patisseries","8":"product_tag-inscription","10":"first","11":"outofstock","12":"taxable","13":"shipping-taxable","14":"purchasable","15":"product-type-variable"},"_links":{"self":[{"href":"https:\/\/patisserie-rolland.empowerdigitaldata.com\/en\/wp-json\/wp\/v2\/product\/10116","targetHints":{"allow":["GET"]}}],"collection":[{"href":"https:\/\/patisserie-rolland.empowerdigitaldata.com\/en\/wp-json\/wp\/v2\/product"}],"about":[{"href":"https:\/\/patisserie-rolland.empowerdigitaldata.com\/en\/wp-json\/wp\/v2\/types\/product"}],"replies":[{"embeddable":true,"href":"https:\/\/patisserie-rolland.empowerdigitaldata.com\/en\/wp-json\/wp\/v2\/comments?post=10116"}],"version-history":[{"count":1,"href":"https:\/\/patisserie-rolland.empowerdigitaldata.com\/en\/wp-json\/wp\/v2\/product\/10116\/revisions"}],"predecessor-version":[{"id":11583,"href":"https:\/\/patisserie-rolland.empowerdigitaldata.com\/en\/wp-json\/wp\/v2\/product\/10116\/revisions\/11583"}],"wp:featuredmedia":[{"embeddable":true,"href":"https:\/\/patisserie-rolland.empowerdigitaldata.com\/en\/wp-json\/wp\/v2\/media\/10651"}],"wp:attachment":[{"href":"https:\/\/patisserie-rolland.empowerdigitaldata.com\/en\/wp-json\/wp\/v2\/media?parent=10116"}],"wp:term":[{"taxonomy":"product_brand","embeddable":true,"href":"https:\/\/patisserie-rolland.empowerdigitaldata.com\/en\/wp-json\/wp\/v2\/product_brand?post=10116"},{"taxonomy":"product_cat","embeddable":true,"href":"https:\/\/patisserie-rolland.empowerdigitaldata.com\/en\/wp-json\/wp\/v2\/product_cat?post=10116"},{"taxonomy":"product_tag","embeddable":true,"href":"https:\/\/patisserie-rolland.empowerdigitaldata.com\/en\/wp-json\/wp\/v2\/product_tag?post=10116"}],"curies":[{"name":"wp","href":"https:\/\/api.w.org\/{rel}","templated":true}]}}