{"id":10114,"date":"2025-06-27T14:53:06","date_gmt":"2025-06-27T14:53:06","guid":{"rendered":"https:\/\/patisserie-rolland.empowerdigitaldata.com\/product\/la-mousse-fraise-vanille\/"},"modified":"2025-06-27T14:53:06","modified_gmt":"2025-06-27T14:53:06","slug":"la-mousse-fraise-vanille","status":"publish","type":"product","link":"https:\/\/patisserie-rolland.empowerdigitaldata.com\/en\/product\/la-mousse-fraise-vanille\/","title":{"rendered":"La Mousse Fraise &#038; Vanille"},"content":{"rendered":"<p><a href=\"https:\/\/maison-rolland.order-online.ai\/#\/subcategory\/81991\" class=\"product-form__add-button button button--primary\" rel=\"noopener\" aria-describedby=\"a11y-new-window-message\" target=\"_blank\">Commander en ligne<\/a><\/p>\n<p><span data-olk-copy-source=\"MessageBody\">Biscuit doigt de dame, cr\u00e9meux \u00e0 la fraise, mousse \u00e0 la vanille, compot\u00e9e de fraises<\/span><\/p>\n<p><span data-olk-copy-source=\"MessageBody\">6 \u00e0 8 portions<\/span><\/p>\n<p><span data-olk-copy-source=\"MessageBody\">Accompagnement: Coulis de Fraises ou Coulis \u00e0 la Vanille<\/span><\/p>\n<p><span data-olk-copy-source=\"MessageBody\">Allergies: Oeufs, produits laitiers, farine<br \/>Dur\u00e9e de vie: 4 \u00e0 5 jours<br \/>Temp\u00e9rature de service sugg\u00e9r\u00e9e: R\u00e9frig\u00e9r\u00e9<\/span><\/p>\n","protected":false},"excerpt":{"rendered":"<p>Commander en ligne Biscuit doigt de dame, cr\u00e9meux \u00e0 la fraise, mousse \u00e0 la vanille, compot\u00e9e de fraises 6 \u00e0 8 portions Accompagnement: Coulis de Fraises ou Coulis \u00e0 la Vanille Allergies: Oeufs, produits laitiers, farineDur\u00e9e de vie: 4 \u00e0 5 joursTemp\u00e9rature de service sugg\u00e9r\u00e9e: R\u00e9frig\u00e9r\u00e9<\/p>\n","protected":false},"featured_media":10649,"comment_status":"open","ping_status":"closed","template":"","meta":[],"product_brand":[],"product_cat":[180],"product_tag":[],"class_list":{"0":"post-10114","1":"product","2":"type-product","3":"status-publish","4":"has-post-thumbnail","6":"product_cat-gateaux-mousse-et-entremets","8":"first","9":"outofstock","10":"taxable","11":"shipping-taxable","12":"purchasable","13":"product-type-simple"},"_links":{"self":[{"href":"https:\/\/patisserie-rolland.empowerdigitaldata.com\/en\/wp-json\/wp\/v2\/product\/10114","targetHints":{"allow":["GET"]}}],"collection":[{"href":"https:\/\/patisserie-rolland.empowerdigitaldata.com\/en\/wp-json\/wp\/v2\/product"}],"about":[{"href":"https:\/\/patisserie-rolland.empowerdigitaldata.com\/en\/wp-json\/wp\/v2\/types\/product"}],"replies":[{"embeddable":true,"href":"https:\/\/patisserie-rolland.empowerdigitaldata.com\/en\/wp-json\/wp\/v2\/comments?post=10114"}],"version-history":[{"count":0,"href":"https:\/\/patisserie-rolland.empowerdigitaldata.com\/en\/wp-json\/wp\/v2\/product\/10114\/revisions"}],"wp:featuredmedia":[{"embeddable":true,"href":"https:\/\/patisserie-rolland.empowerdigitaldata.com\/en\/wp-json\/wp\/v2\/media\/10649"}],"wp:attachment":[{"href":"https:\/\/patisserie-rolland.empowerdigitaldata.com\/en\/wp-json\/wp\/v2\/media?parent=10114"}],"wp:term":[{"taxonomy":"product_brand","embeddable":true,"href":"https:\/\/patisserie-rolland.empowerdigitaldata.com\/en\/wp-json\/wp\/v2\/product_brand?post=10114"},{"taxonomy":"product_cat","embeddable":true,"href":"https:\/\/patisserie-rolland.empowerdigitaldata.com\/en\/wp-json\/wp\/v2\/product_cat?post=10114"},{"taxonomy":"product_tag","embeddable":true,"href":"https:\/\/patisserie-rolland.empowerdigitaldata.com\/en\/wp-json\/wp\/v2\/product_tag?post=10114"}],"curies":[{"name":"wp","href":"https:\/\/api.w.org\/{rel}","templated":true}]}}