{"id":10106,"date":"2025-06-27T14:53:05","date_gmt":"2025-06-27T14:53:05","guid":{"rendered":"https:\/\/patisserie-rolland.empowerdigitaldata.com\/product\/la-foret-enchantee\/"},"modified":"2025-06-27T14:53:05","modified_gmt":"2025-06-27T14:53:05","slug":"la-foret-enchantee","status":"publish","type":"product","link":"https:\/\/patisserie-rolland.empowerdigitaldata.com\/en\/product\/la-foret-enchantee\/","title":{"rendered":"La For\u00eat Enchant\u00e9e"},"content":{"rendered":"<div>\n<div>\u00a0P\u00e2te moelleuse au chocolat, Cr\u00e8me au beurre chocolat, Ganache chocolat, D\u00e9cor\u00e9 de p\u00e2te\u00a0<\/div>\n<div><\/div>\n<\/div>\n<p>10 \u00e0 12 portions<br data-mce-fragment=\"1\"><\/p>\n<p>Allergies : \u0152uf, Farine , produit laitier.\u00a0<br data-mce-fragment=\"1\">Dur\u00e9e de vie : 5 \u00e0 7 jours<br data-mce-fragment=\"1\">Temp\u00e9rature du service : Ambiante\u00a0<\/p>\n","protected":false},"excerpt":{"rendered":"<p>\u00a0P\u00e2te moelleuse au chocolat, Cr\u00e8me au beurre chocolat, Ganache chocolat, D\u00e9cor\u00e9 de p\u00e2te\u00a0 10 \u00e0 12 portions Allergies : \u0152uf, Farine , produit laitier.\u00a0Dur\u00e9e de vie : 5 \u00e0 7 joursTemp\u00e9rature du service : Ambiante\u00a0<\/p>\n","protected":false},"featured_media":10640,"comment_status":"open","ping_status":"closed","template":"","meta":[],"product_brand":[],"product_cat":[199],"product_tag":[162,160],"class_list":{"0":"post-10106","1":"product","2":"type-product","3":"status-publish","4":"has-post-thumbnail","6":"product_cat-paques","7":"product_tag-inscription","8":"product_tag-paques","10":"first","11":"outofstock","12":"taxable","13":"shipping-taxable","14":"purchasable","15":"product-type-simple"},"_links":{"self":[{"href":"https:\/\/patisserie-rolland.empowerdigitaldata.com\/en\/wp-json\/wp\/v2\/product\/10106","targetHints":{"allow":["GET"]}}],"collection":[{"href":"https:\/\/patisserie-rolland.empowerdigitaldata.com\/en\/wp-json\/wp\/v2\/product"}],"about":[{"href":"https:\/\/patisserie-rolland.empowerdigitaldata.com\/en\/wp-json\/wp\/v2\/types\/product"}],"replies":[{"embeddable":true,"href":"https:\/\/patisserie-rolland.empowerdigitaldata.com\/en\/wp-json\/wp\/v2\/comments?post=10106"}],"version-history":[{"count":0,"href":"https:\/\/patisserie-rolland.empowerdigitaldata.com\/en\/wp-json\/wp\/v2\/product\/10106\/revisions"}],"wp:featuredmedia":[{"embeddable":true,"href":"https:\/\/patisserie-rolland.empowerdigitaldata.com\/en\/wp-json\/wp\/v2\/media\/10640"}],"wp:attachment":[{"href":"https:\/\/patisserie-rolland.empowerdigitaldata.com\/en\/wp-json\/wp\/v2\/media?parent=10106"}],"wp:term":[{"taxonomy":"product_brand","embeddable":true,"href":"https:\/\/patisserie-rolland.empowerdigitaldata.com\/en\/wp-json\/wp\/v2\/product_brand?post=10106"},{"taxonomy":"product_cat","embeddable":true,"href":"https:\/\/patisserie-rolland.empowerdigitaldata.com\/en\/wp-json\/wp\/v2\/product_cat?post=10106"},{"taxonomy":"product_tag","embeddable":true,"href":"https:\/\/patisserie-rolland.empowerdigitaldata.com\/en\/wp-json\/wp\/v2\/product_tag?post=10106"}],"curies":[{"name":"wp","href":"https:\/\/api.w.org\/{rel}","templated":true}]}}