{"id":10099,"date":"2025-06-27T14:53:04","date_gmt":"2025-06-27T14:53:04","guid":{"rendered":"https:\/\/patisserie-rolland.empowerdigitaldata.com\/product\/la-creme-brulee-a-la-vanille\/"},"modified":"2025-06-27T14:53:04","modified_gmt":"2025-06-27T14:53:04","slug":"la-creme-brulee-a-la-vanille","status":"publish","type":"product","link":"https:\/\/patisserie-rolland.empowerdigitaldata.com\/en\/product\/la-creme-brulee-a-la-vanille\/","title":{"rendered":"La Cr\u00e8me br\u00fbl\u00e9e \u00e0 la vanille"},"content":{"rendered":"<p><a href=\"https:\/\/maison-rolland.order-online.ai\/#\/subcategory\/81991\" class=\"product-form__add-button button button--primary\" target=\"_blank\" rel=\"noopener\" aria-describedby=\"a11y-new-window-message\">Commander en ligne<\/a><\/p>\n<p>Oeuf, sucre, cr\u00e8me, lait, vanille naturelle.<\/p>\n<p>Allergie : Oeuf. <br data-mce-fragment=\"1\">Dur\u00e9e de vie : 2 jours <br data-mce-fragment=\"1\">Temp\u00e9rature du service : L\u00e9g\u00e8rement ambiante ou fra\u00eeche<\/p>\n","protected":false},"excerpt":{"rendered":"<p>Commander en ligne Oeuf, sucre, cr\u00e8me, lait, vanille naturelle. Allergie : Oeuf. Dur\u00e9e de vie : 2 jours Temp\u00e9rature du service : L\u00e9g\u00e8rement ambiante ou fra\u00eeche<\/p>\n","protected":false},"featured_media":10633,"comment_status":"open","ping_status":"closed","template":"","meta":[],"product_brand":[],"product_cat":[185],"product_tag":[],"class_list":{"0":"post-10099","1":"product","2":"type-product","3":"status-publish","4":"has-post-thumbnail","6":"product_cat-patisseries","8":"first","9":"outofstock","10":"taxable","11":"shipping-taxable","12":"purchasable","13":"product-type-simple"},"_links":{"self":[{"href":"https:\/\/patisserie-rolland.empowerdigitaldata.com\/en\/wp-json\/wp\/v2\/product\/10099","targetHints":{"allow":["GET"]}}],"collection":[{"href":"https:\/\/patisserie-rolland.empowerdigitaldata.com\/en\/wp-json\/wp\/v2\/product"}],"about":[{"href":"https:\/\/patisserie-rolland.empowerdigitaldata.com\/en\/wp-json\/wp\/v2\/types\/product"}],"replies":[{"embeddable":true,"href":"https:\/\/patisserie-rolland.empowerdigitaldata.com\/en\/wp-json\/wp\/v2\/comments?post=10099"}],"version-history":[{"count":0,"href":"https:\/\/patisserie-rolland.empowerdigitaldata.com\/en\/wp-json\/wp\/v2\/product\/10099\/revisions"}],"wp:featuredmedia":[{"embeddable":true,"href":"https:\/\/patisserie-rolland.empowerdigitaldata.com\/en\/wp-json\/wp\/v2\/media\/10633"}],"wp:attachment":[{"href":"https:\/\/patisserie-rolland.empowerdigitaldata.com\/en\/wp-json\/wp\/v2\/media?parent=10099"}],"wp:term":[{"taxonomy":"product_brand","embeddable":true,"href":"https:\/\/patisserie-rolland.empowerdigitaldata.com\/en\/wp-json\/wp\/v2\/product_brand?post=10099"},{"taxonomy":"product_cat","embeddable":true,"href":"https:\/\/patisserie-rolland.empowerdigitaldata.com\/en\/wp-json\/wp\/v2\/product_cat?post=10099"},{"taxonomy":"product_tag","embeddable":true,"href":"https:\/\/patisserie-rolland.empowerdigitaldata.com\/en\/wp-json\/wp\/v2\/product_tag?post=10099"}],"curies":[{"name":"wp","href":"https:\/\/api.w.org\/{rel}","templated":true}]}}