{"id":10095,"date":"2025-06-27T14:53:03","date_gmt":"2025-06-27T14:53:03","guid":{"rendered":"https:\/\/patisserie-rolland.empowerdigitaldata.com\/product\/la-citrouille\/"},"modified":"2025-06-27T14:53:03","modified_gmt":"2025-06-27T14:53:03","slug":"la-citrouille","status":"publish","type":"product","link":"https:\/\/patisserie-rolland.empowerdigitaldata.com\/en\/product\/la-citrouille\/","title":{"rendered":"La citrouille"},"content":{"rendered":"<p data-mce-fragment=\"1\">G\u00e9noise \u00e0 la vanille, cr\u00e8me au beurre \u00e0 la vanille, p\u00e2te de sucre, d\u00e9cor en chocolat.<\/p>\n<p data-mce-fragment=\"1\">10 \u00e0 15 portions<\/p>\n<p data-mce-fragment=\"1\">Allergies : \u0152uf, farine, amande<br data-mce-fragment=\"1\">Dur\u00e9e de vie : 7 jours<br data-mce-fragment=\"1\">Temp\u00e9rature du service :\u00a0Ambiante<\/p>\n","protected":false},"excerpt":{"rendered":"<p>G\u00e9noise \u00e0 la vanille, cr\u00e8me au beurre \u00e0 la vanille, p\u00e2te de sucre, d\u00e9cor en chocolat. 10 \u00e0 15 portions Allergies : \u0152uf, farine, amandeDur\u00e9e de vie : 7 joursTemp\u00e9rature du service :\u00a0Ambiante<\/p>\n","protected":false},"featured_media":10628,"comment_status":"open","ping_status":"closed","template":"","meta":[],"product_brand":[],"product_cat":[198],"product_tag":[168],"class_list":{"0":"post-10095","1":"product","2":"type-product","3":"status-publish","4":"has-post-thumbnail","6":"product_cat-halloween","7":"product_tag-halloween","9":"first","10":"outofstock","11":"taxable","12":"shipping-taxable","13":"purchasable","14":"product-type-simple"},"_links":{"self":[{"href":"https:\/\/patisserie-rolland.empowerdigitaldata.com\/en\/wp-json\/wp\/v2\/product\/10095","targetHints":{"allow":["GET"]}}],"collection":[{"href":"https:\/\/patisserie-rolland.empowerdigitaldata.com\/en\/wp-json\/wp\/v2\/product"}],"about":[{"href":"https:\/\/patisserie-rolland.empowerdigitaldata.com\/en\/wp-json\/wp\/v2\/types\/product"}],"replies":[{"embeddable":true,"href":"https:\/\/patisserie-rolland.empowerdigitaldata.com\/en\/wp-json\/wp\/v2\/comments?post=10095"}],"version-history":[{"count":0,"href":"https:\/\/patisserie-rolland.empowerdigitaldata.com\/en\/wp-json\/wp\/v2\/product\/10095\/revisions"}],"wp:featuredmedia":[{"embeddable":true,"href":"https:\/\/patisserie-rolland.empowerdigitaldata.com\/en\/wp-json\/wp\/v2\/media\/10628"}],"wp:attachment":[{"href":"https:\/\/patisserie-rolland.empowerdigitaldata.com\/en\/wp-json\/wp\/v2\/media?parent=10095"}],"wp:term":[{"taxonomy":"product_brand","embeddable":true,"href":"https:\/\/patisserie-rolland.empowerdigitaldata.com\/en\/wp-json\/wp\/v2\/product_brand?post=10095"},{"taxonomy":"product_cat","embeddable":true,"href":"https:\/\/patisserie-rolland.empowerdigitaldata.com\/en\/wp-json\/wp\/v2\/product_cat?post=10095"},{"taxonomy":"product_tag","embeddable":true,"href":"https:\/\/patisserie-rolland.empowerdigitaldata.com\/en\/wp-json\/wp\/v2\/product_tag?post=10095"}],"curies":[{"name":"wp","href":"https:\/\/api.w.org\/{rel}","templated":true}]}}