{"id":10093,"date":"2025-06-27T14:53:03","date_gmt":"2025-06-27T14:53:03","guid":{"rendered":"https:\/\/patisserie-rolland.empowerdigitaldata.com\/product\/la-buche-vanille-mangue-passion\/"},"modified":"2025-06-27T14:53:03","modified_gmt":"2025-06-27T14:53:03","slug":"la-buche-vanille-mangue-passion","status":"publish","type":"product","link":"https:\/\/patisserie-rolland.empowerdigitaldata.com\/en\/product\/la-buche-vanille-mangue-passion\/","title":{"rendered":"La B\u00fbche Vanille Mangue Passion"},"content":{"rendered":"<p><a href=\"https:\/\/maison-rolland.order-online.ai\/#\/category\/86078\" class=\"product-form__add-button button button--primary\" target=\"_blank\" rel=\"noopener\" aria-describedby=\"a11y-new-window-message\">Commander en ligne<\/a><\/p>\n<p>Biscuit aux amandes,\u00a0Mousse \u00e0 la vanille v\u00e9ritable,\u00a0Cr\u00e9meux fruit de la passion,\u00a0Gel\u00e9e mangue<\/p>\n<p>Accompagnement : Coulis au Chocolat ou \u00e0 la Vanille<br data-mce-fragment=\"1\"><\/p>\n<p>Allergies : \u0152ufs, produits laitiers, amandes<br data-mce-fragment=\"1\">Dur\u00e9e de vie : 4 \u00e0 5 jours <br data-mce-fragment=\"1\">D\u00e9congeler 12 heures au r\u00e9frig\u00e9rateur (recommand\u00e9) \u00a0puis 30 minutes \u00e0 temp\u00e9rature ambiante \u2013 Se conserve au cong\u00e9lateur<\/p>\n","protected":false},"excerpt":{"rendered":"<p>Commander en ligne Biscuit aux amandes,\u00a0Mousse \u00e0 la vanille v\u00e9ritable,\u00a0Cr\u00e9meux fruit de la passion,\u00a0Gel\u00e9e mangue Accompagnement : Coulis au Chocolat ou \u00e0 la Vanille Allergies : \u0152ufs, produits laitiers, amandesDur\u00e9e de vie : 4 \u00e0 5 jours D\u00e9congeler 12 heures au r\u00e9frig\u00e9rateur (recommand\u00e9) \u00a0puis 30 minutes \u00e0 temp\u00e9rature ambiante \u2013 Se conserve au cong\u00e9lateur<\/p>\n","protected":false},"featured_media":10624,"comment_status":"open","ping_status":"closed","template":"","meta":[],"product_brand":[],"product_cat":[200],"product_tag":[167],"class_list":{"0":"post-10093","1":"product","2":"type-product","3":"status-publish","4":"has-post-thumbnail","6":"product_cat-produits-de-noel","7":"product_tag-noel","9":"first","10":"outofstock","11":"taxable","12":"shipping-taxable","13":"purchasable","14":"product-type-simple"},"_links":{"self":[{"href":"https:\/\/patisserie-rolland.empowerdigitaldata.com\/en\/wp-json\/wp\/v2\/product\/10093","targetHints":{"allow":["GET"]}}],"collection":[{"href":"https:\/\/patisserie-rolland.empowerdigitaldata.com\/en\/wp-json\/wp\/v2\/product"}],"about":[{"href":"https:\/\/patisserie-rolland.empowerdigitaldata.com\/en\/wp-json\/wp\/v2\/types\/product"}],"replies":[{"embeddable":true,"href":"https:\/\/patisserie-rolland.empowerdigitaldata.com\/en\/wp-json\/wp\/v2\/comments?post=10093"}],"version-history":[{"count":0,"href":"https:\/\/patisserie-rolland.empowerdigitaldata.com\/en\/wp-json\/wp\/v2\/product\/10093\/revisions"}],"wp:featuredmedia":[{"embeddable":true,"href":"https:\/\/patisserie-rolland.empowerdigitaldata.com\/en\/wp-json\/wp\/v2\/media\/10624"}],"wp:attachment":[{"href":"https:\/\/patisserie-rolland.empowerdigitaldata.com\/en\/wp-json\/wp\/v2\/media?parent=10093"}],"wp:term":[{"taxonomy":"product_brand","embeddable":true,"href":"https:\/\/patisserie-rolland.empowerdigitaldata.com\/en\/wp-json\/wp\/v2\/product_brand?post=10093"},{"taxonomy":"product_cat","embeddable":true,"href":"https:\/\/patisserie-rolland.empowerdigitaldata.com\/en\/wp-json\/wp\/v2\/product_cat?post=10093"},{"taxonomy":"product_tag","embeddable":true,"href":"https:\/\/patisserie-rolland.empowerdigitaldata.com\/en\/wp-json\/wp\/v2\/product_tag?post=10093"}],"curies":[{"name":"wp","href":"https:\/\/api.w.org\/{rel}","templated":true}]}}