{"id":10091,"date":"2025-06-27T14:53:02","date_gmt":"2025-06-27T14:53:02","guid":{"rendered":"https:\/\/patisserie-rolland.empowerdigitaldata.com\/product\/la-buche-mascarpone-fruits-rouges\/"},"modified":"2025-06-27T14:53:03","modified_gmt":"2025-06-27T14:53:03","slug":"la-buche-mascarpone-fruits-rouges","status":"publish","type":"product","link":"https:\/\/patisserie-rolland.empowerdigitaldata.com\/en\/product\/la-buche-mascarpone-fruits-rouges\/","title":{"rendered":"La B\u00fbche Mascarpone Fruits Rouges"},"content":{"rendered":"<p><a href=\"https:\/\/maison-rolland.order-online.ai\/#\/category\/86078\" class=\"product-form__add-button button button--primary\" target=\"_blank\" rel=\"noopener\" aria-describedby=\"a11y-new-window-message\">Commander en ligne<\/a><\/p>\n<p>Biscuit doigts de dame, Mousse mascarpone, Cr\u00e9meux framboise, Compot\u00e9e fraises\/framboises<\/p>\n<p>Accompagnement : Coulis aux Fraises ou aux Framboises<br data-mce-fragment=\"1\"><\/p>\n<p>Allergies : \u0152uf, produit laitier\u00a0<br data-mce-fragment=\"1\">Dur\u00e9e de vie : 4 \u00e0 5 jours <br data-mce-fragment=\"1\">D\u00e9congeler 12 heures au r\u00e9frig\u00e9rateur (recommand\u00e9) \u00a0puis 30 minutes \u00e0 temp\u00e9rature ambiante \u2013 Se conserve au cong\u00e9lateur<\/p>\n","protected":false},"excerpt":{"rendered":"<p>Commander en ligne Biscuit doigts de dame, Mousse mascarpone, Cr\u00e9meux framboise, Compot\u00e9e fraises\/framboises Accompagnement : Coulis aux Fraises ou aux Framboises Allergies : \u0152uf, produit laitier\u00a0Dur\u00e9e de vie : 4 \u00e0 5 jours D\u00e9congeler 12 heures au r\u00e9frig\u00e9rateur (recommand\u00e9) \u00a0puis 30 minutes \u00e0 temp\u00e9rature ambiante \u2013 Se conserve au cong\u00e9lateur<\/p>\n","protected":false},"featured_media":10622,"comment_status":"open","ping_status":"closed","template":"","meta":[],"product_brand":[],"product_cat":[200],"product_tag":[167],"class_list":{"0":"post-10091","1":"product","2":"type-product","3":"status-publish","4":"has-post-thumbnail","6":"product_cat-produits-de-noel","7":"product_tag-noel","9":"first","10":"outofstock","11":"taxable","12":"shipping-taxable","13":"purchasable","14":"product-type-simple"},"_links":{"self":[{"href":"https:\/\/patisserie-rolland.empowerdigitaldata.com\/en\/wp-json\/wp\/v2\/product\/10091","targetHints":{"allow":["GET"]}}],"collection":[{"href":"https:\/\/patisserie-rolland.empowerdigitaldata.com\/en\/wp-json\/wp\/v2\/product"}],"about":[{"href":"https:\/\/patisserie-rolland.empowerdigitaldata.com\/en\/wp-json\/wp\/v2\/types\/product"}],"replies":[{"embeddable":true,"href":"https:\/\/patisserie-rolland.empowerdigitaldata.com\/en\/wp-json\/wp\/v2\/comments?post=10091"}],"version-history":[{"count":0,"href":"https:\/\/patisserie-rolland.empowerdigitaldata.com\/en\/wp-json\/wp\/v2\/product\/10091\/revisions"}],"wp:featuredmedia":[{"embeddable":true,"href":"https:\/\/patisserie-rolland.empowerdigitaldata.com\/en\/wp-json\/wp\/v2\/media\/10622"}],"wp:attachment":[{"href":"https:\/\/patisserie-rolland.empowerdigitaldata.com\/en\/wp-json\/wp\/v2\/media?parent=10091"}],"wp:term":[{"taxonomy":"product_brand","embeddable":true,"href":"https:\/\/patisserie-rolland.empowerdigitaldata.com\/en\/wp-json\/wp\/v2\/product_brand?post=10091"},{"taxonomy":"product_cat","embeddable":true,"href":"https:\/\/patisserie-rolland.empowerdigitaldata.com\/en\/wp-json\/wp\/v2\/product_cat?post=10091"},{"taxonomy":"product_tag","embeddable":true,"href":"https:\/\/patisserie-rolland.empowerdigitaldata.com\/en\/wp-json\/wp\/v2\/product_tag?post=10091"}],"curies":[{"name":"wp","href":"https:\/\/api.w.org\/{rel}","templated":true}]}}