{"id":10088,"date":"2025-06-27T14:53:02","date_gmt":"2025-06-27T14:53:02","guid":{"rendered":"https:\/\/patisserie-rolland.empowerdigitaldata.com\/product\/la-buche-glacee-omelette-norvegienne\/"},"modified":"2025-06-27T14:53:02","modified_gmt":"2025-06-27T14:53:02","slug":"la-buche-glacee-omelette-norvegienne","status":"publish","type":"product","link":"https:\/\/patisserie-rolland.empowerdigitaldata.com\/en\/product\/la-buche-glacee-omelette-norvegienne\/","title":{"rendered":"La B\u00fbche Glac\u00e9e Omelette Norv\u00e9gienne"},"content":{"rendered":"<p><a aria-describedby=\"a11y-new-window-message\" rel=\"noopener\" class=\"product-form__add-button button button--primary\" href=\"https:\/\/maison-rolland.order-online.ai\/#\/category\/86078\" data-mce-href=\"https:\/\/maison-rolland.order-online.ai\/#\/category\/86078\" target=\"_blank\">Commander en ligne<\/a><\/p>\n<p><span>Biscuit joconde<\/span><br \/><span>Imbib\u00e9e sirop de framboises<\/span><br \/><span>Glace au chocolat<\/span><br \/><span>Sorbet framboise<\/span><br \/><span>Meringue italienne<\/span><\/p>\n<p><span>Garder congel\u00e9 \u2013 Peut se flamber ou passer au four \u00e0 broil 2 \u00e0 3 minutes (penser \u00e0 enlever les d\u00e9corations avant !) en surveillant bien<br \/><\/span><\/p>\n","protected":false},"excerpt":{"rendered":"<p>Commander en ligne Biscuit jocondeImbib\u00e9e sirop de framboisesGlace au chocolatSorbet framboiseMeringue italienne Garder congel\u00e9 \u2013 Peut se flamber ou passer au four \u00e0 broil 2 \u00e0 3 minutes (penser \u00e0 enlever les d\u00e9corations avant !) en surveillant bien<\/p>\n","protected":false},"featured_media":10617,"comment_status":"open","ping_status":"closed","template":"","meta":[],"product_brand":[],"product_cat":[200],"product_tag":[167],"class_list":{"0":"post-10088","1":"product","2":"type-product","3":"status-publish","4":"has-post-thumbnail","6":"product_cat-produits-de-noel","7":"product_tag-noel","9":"first","10":"outofstock","11":"taxable","12":"shipping-taxable","13":"purchasable","14":"product-type-simple"},"_links":{"self":[{"href":"https:\/\/patisserie-rolland.empowerdigitaldata.com\/en\/wp-json\/wp\/v2\/product\/10088","targetHints":{"allow":["GET"]}}],"collection":[{"href":"https:\/\/patisserie-rolland.empowerdigitaldata.com\/en\/wp-json\/wp\/v2\/product"}],"about":[{"href":"https:\/\/patisserie-rolland.empowerdigitaldata.com\/en\/wp-json\/wp\/v2\/types\/product"}],"replies":[{"embeddable":true,"href":"https:\/\/patisserie-rolland.empowerdigitaldata.com\/en\/wp-json\/wp\/v2\/comments?post=10088"}],"version-history":[{"count":0,"href":"https:\/\/patisserie-rolland.empowerdigitaldata.com\/en\/wp-json\/wp\/v2\/product\/10088\/revisions"}],"wp:featuredmedia":[{"embeddable":true,"href":"https:\/\/patisserie-rolland.empowerdigitaldata.com\/en\/wp-json\/wp\/v2\/media\/10617"}],"wp:attachment":[{"href":"https:\/\/patisserie-rolland.empowerdigitaldata.com\/en\/wp-json\/wp\/v2\/media?parent=10088"}],"wp:term":[{"taxonomy":"product_brand","embeddable":true,"href":"https:\/\/patisserie-rolland.empowerdigitaldata.com\/en\/wp-json\/wp\/v2\/product_brand?post=10088"},{"taxonomy":"product_cat","embeddable":true,"href":"https:\/\/patisserie-rolland.empowerdigitaldata.com\/en\/wp-json\/wp\/v2\/product_cat?post=10088"},{"taxonomy":"product_tag","embeddable":true,"href":"https:\/\/patisserie-rolland.empowerdigitaldata.com\/en\/wp-json\/wp\/v2\/product_tag?post=10088"}],"curies":[{"name":"wp","href":"https:\/\/api.w.org\/{rel}","templated":true}]}}