{"id":10087,"date":"2025-06-27T14:53:02","date_gmt":"2025-06-27T14:53:02","guid":{"rendered":"https:\/\/patisserie-rolland.empowerdigitaldata.com\/product\/la-buche-framboise-pistache\/"},"modified":"2025-06-27T14:53:02","modified_gmt":"2025-06-27T14:53:02","slug":"la-buche-framboise-pistache","status":"publish","type":"product","link":"https:\/\/patisserie-rolland.empowerdigitaldata.com\/en\/product\/la-buche-framboise-pistache\/","title":{"rendered":"La B\u00fbche Framboise Pistache"},"content":{"rendered":"<p><a href=\"https:\/\/maison-rolland.order-online.ai\/#\/category\/86078\" class=\"product-form__add-button button button--primary\" target=\"_blank\" rel=\"noopener\" aria-describedby=\"a11y-new-window-message\">Commander en ligne<\/a><\/p>\n<p><span>Biscuit amandes\/noisettes<\/span><br \/><span>Cr\u00e8me au beurre l\u00e9g\u00e8re pistache<\/span><br \/><span>Cr\u00e9meux pistache<\/span><br \/><span>Framboises enti\u00e8res<\/span><br \/><span>Cr\u00e9meux \u00e0 la framboise<\/span><br \/><span>P\u00e2te d\u2019amande rouge<\/span><br \/><span>Miroir framboise<\/span><\/p>\n<p><span>Plusieurs formats disponibles\u00a0<\/span><\/p>\n","protected":false},"excerpt":{"rendered":"<p>Commander en ligne Biscuit amandes\/noisettesCr\u00e8me au beurre l\u00e9g\u00e8re pistacheCr\u00e9meux pistacheFramboises enti\u00e8resCr\u00e9meux \u00e0 la framboiseP\u00e2te d\u2019amande rougeMiroir framboise Plusieurs formats disponibles\u00a0<\/p>\n","protected":false},"featured_media":10616,"comment_status":"open","ping_status":"closed","template":"","meta":[],"product_brand":[],"product_cat":[200],"product_tag":[167],"class_list":{"0":"post-10087","1":"product","2":"type-product","3":"status-publish","4":"has-post-thumbnail","6":"product_cat-produits-de-noel","7":"product_tag-noel","9":"first","10":"outofstock","11":"taxable","12":"shipping-taxable","13":"purchasable","14":"product-type-simple"},"_links":{"self":[{"href":"https:\/\/patisserie-rolland.empowerdigitaldata.com\/en\/wp-json\/wp\/v2\/product\/10087","targetHints":{"allow":["GET"]}}],"collection":[{"href":"https:\/\/patisserie-rolland.empowerdigitaldata.com\/en\/wp-json\/wp\/v2\/product"}],"about":[{"href":"https:\/\/patisserie-rolland.empowerdigitaldata.com\/en\/wp-json\/wp\/v2\/types\/product"}],"replies":[{"embeddable":true,"href":"https:\/\/patisserie-rolland.empowerdigitaldata.com\/en\/wp-json\/wp\/v2\/comments?post=10087"}],"version-history":[{"count":0,"href":"https:\/\/patisserie-rolland.empowerdigitaldata.com\/en\/wp-json\/wp\/v2\/product\/10087\/revisions"}],"wp:featuredmedia":[{"embeddable":true,"href":"https:\/\/patisserie-rolland.empowerdigitaldata.com\/en\/wp-json\/wp\/v2\/media\/10616"}],"wp:attachment":[{"href":"https:\/\/patisserie-rolland.empowerdigitaldata.com\/en\/wp-json\/wp\/v2\/media?parent=10087"}],"wp:term":[{"taxonomy":"product_brand","embeddable":true,"href":"https:\/\/patisserie-rolland.empowerdigitaldata.com\/en\/wp-json\/wp\/v2\/product_brand?post=10087"},{"taxonomy":"product_cat","embeddable":true,"href":"https:\/\/patisserie-rolland.empowerdigitaldata.com\/en\/wp-json\/wp\/v2\/product_cat?post=10087"},{"taxonomy":"product_tag","embeddable":true,"href":"https:\/\/patisserie-rolland.empowerdigitaldata.com\/en\/wp-json\/wp\/v2\/product_tag?post=10087"}],"curies":[{"name":"wp","href":"https:\/\/api.w.org\/{rel}","templated":true}]}}