{"id":10070,"date":"2025-06-27T14:52:59","date_gmt":"2025-06-27T14:52:59","guid":{"rendered":"https:\/\/patisserie-rolland.empowerdigitaldata.com\/product\/harmonie-poire-erable-individuelle\/"},"modified":"2025-06-27T14:53:00","modified_gmt":"2025-06-27T14:53:00","slug":"harmonie-poire-erable-individuelle","status":"publish","type":"product","link":"https:\/\/patisserie-rolland.empowerdigitaldata.com\/en\/product\/harmonie-poire-erable-individuelle\/","title":{"rendered":"Harmonie Poire-\u00c9rable individuelle"},"content":{"rendered":"<p><a href=\"https:\/\/maison-rolland.order-online.ai\/#\/subcategory\/81991\" class=\"product-form__add-button button button--primary\" rel=\"noopener\" aria-describedby=\"a11y-new-window-message\" target=\"_blank\">Commander en ligne<\/a><\/p>\n<p><span>Bavaroise aux poires, cr\u00e9meux \u00e0 l\u2019\u00e9rable, biscuit dacquoise, poire caram\u00e9lis\u00e9e, mousse au chocolat noir, croustillant aux amandes, finition nappage \u00e0 la poire.<\/span><\/p>\n<p><span>Allergies : \u0152ufs, noix, produits laitiers.<\/span><\/p>\n<p><span>Dur\u00e9e de vie : 3 \u00e0 4 jours<\/span><\/p>\n<p><span>Temp\u00e9rature de service : L\u00e9g\u00e8rement ambiante.<\/span><\/p>\n","protected":false},"excerpt":{"rendered":"<p>Commander en ligne Bavaroise aux poires, cr\u00e9meux \u00e0 l\u2019\u00e9rable, biscuit dacquoise, poire caram\u00e9lis\u00e9e, mousse au chocolat noir, croustillant aux amandes, finition nappage \u00e0 la poire. Allergies : \u0152ufs, noix, produits laitiers. Dur\u00e9e de vie : 3 \u00e0 4 jours Temp\u00e9rature de service : L\u00e9g\u00e8rement ambiante.<\/p>\n","protected":false},"featured_media":10602,"comment_status":"open","ping_status":"closed","template":"","meta":[],"product_brand":[],"product_cat":[186],"product_tag":[],"class_list":{"0":"post-10070","1":"product","2":"type-product","3":"status-publish","4":"has-post-thumbnail","6":"product_cat-patisseries-individuelles","8":"first","9":"outofstock","10":"taxable","11":"shipping-taxable","12":"purchasable","13":"product-type-simple"},"_links":{"self":[{"href":"https:\/\/patisserie-rolland.empowerdigitaldata.com\/en\/wp-json\/wp\/v2\/product\/10070","targetHints":{"allow":["GET"]}}],"collection":[{"href":"https:\/\/patisserie-rolland.empowerdigitaldata.com\/en\/wp-json\/wp\/v2\/product"}],"about":[{"href":"https:\/\/patisserie-rolland.empowerdigitaldata.com\/en\/wp-json\/wp\/v2\/types\/product"}],"replies":[{"embeddable":true,"href":"https:\/\/patisserie-rolland.empowerdigitaldata.com\/en\/wp-json\/wp\/v2\/comments?post=10070"}],"version-history":[{"count":0,"href":"https:\/\/patisserie-rolland.empowerdigitaldata.com\/en\/wp-json\/wp\/v2\/product\/10070\/revisions"}],"wp:featuredmedia":[{"embeddable":true,"href":"https:\/\/patisserie-rolland.empowerdigitaldata.com\/en\/wp-json\/wp\/v2\/media\/10602"}],"wp:attachment":[{"href":"https:\/\/patisserie-rolland.empowerdigitaldata.com\/en\/wp-json\/wp\/v2\/media?parent=10070"}],"wp:term":[{"taxonomy":"product_brand","embeddable":true,"href":"https:\/\/patisserie-rolland.empowerdigitaldata.com\/en\/wp-json\/wp\/v2\/product_brand?post=10070"},{"taxonomy":"product_cat","embeddable":true,"href":"https:\/\/patisserie-rolland.empowerdigitaldata.com\/en\/wp-json\/wp\/v2\/product_cat?post=10070"},{"taxonomy":"product_tag","embeddable":true,"href":"https:\/\/patisserie-rolland.empowerdigitaldata.com\/en\/wp-json\/wp\/v2\/product_tag?post=10070"}],"curies":[{"name":"wp","href":"https:\/\/api.w.org\/{rel}","templated":true}]}}