{"id":10067,"date":"2025-06-27T14:52:59","date_gmt":"2025-06-27T14:52:59","guid":{"rendered":"https:\/\/patisserie-rolland.empowerdigitaldata.com\/product\/harmonie-poire-erable\/"},"modified":"2025-06-27T14:52:59","modified_gmt":"2025-06-27T14:52:59","slug":"harmonie-poire-erable","status":"publish","type":"product","link":"https:\/\/patisserie-rolland.empowerdigitaldata.com\/en\/product\/harmonie-poire-erable\/","title":{"rendered":"Harmonie Poire-\u00c9rable"},"content":{"rendered":"<p><a href=\"https:\/\/maison-rolland.order-online.ai\/#\/subcategory\/81174\" class=\"product-form__add-button button button--primary\" aria-describedby=\"a11y-new-window-message\" target=\"_blank\">Commander en ligne<\/a><\/p>\n<p><span>Bavaroise aux poires, cr\u00e9meux \u00e0 l\u2019\u00e9rable, biscuit dacquoise, poire caram\u00e9lis\u00e9e, mousse au chocolat noir, croustillant aux amandes, finition nappage \u00e0 la poire.<\/span><\/p>\n<p><span>Accompagnement sugg\u00e9r\u00e9 : Coulis \u00e0 la vanille ou Coulis au Chocolat.<\/span><\/p>\n<p><span>Allergies : \u0152ufs, noix, produits laitiers, farine.<\/span><\/p>\n<p><span>Dur\u00e9e de vie : 3 \u00e0 4 jours.<\/span><\/p>\n<p><span>Temp\u00e9rature de service : Ambiante.<\/span><\/p>\n","protected":false},"excerpt":{"rendered":"<p>Commander en ligne Bavaroise aux poires, cr\u00e9meux \u00e0 l\u2019\u00e9rable, biscuit dacquoise, poire caram\u00e9lis\u00e9e, mousse au chocolat noir, croustillant aux amandes, finition nappage \u00e0 la poire. Accompagnement sugg\u00e9r\u00e9 : Coulis \u00e0 la vanille ou Coulis au Chocolat. Allergies : \u0152ufs, noix, produits laitiers, farine. Dur\u00e9e de vie : 3 \u00e0 4 jours. Temp\u00e9rature de service : [&hellip;]<\/p>\n","protected":false},"featured_media":10601,"comment_status":"open","ping_status":"closed","template":"","meta":[],"product_brand":[],"product_cat":[180,185],"product_tag":[162],"class_list":{"0":"post-10067","1":"product","2":"type-product","3":"status-publish","4":"has-post-thumbnail","6":"product_cat-gateaux-mousse-et-entremets","7":"product_cat-patisseries","8":"product_tag-inscription","10":"first","11":"outofstock","12":"taxable","13":"shipping-taxable","14":"purchasable","15":"product-type-variable"},"_links":{"self":[{"href":"https:\/\/patisserie-rolland.empowerdigitaldata.com\/en\/wp-json\/wp\/v2\/product\/10067","targetHints":{"allow":["GET"]}}],"collection":[{"href":"https:\/\/patisserie-rolland.empowerdigitaldata.com\/en\/wp-json\/wp\/v2\/product"}],"about":[{"href":"https:\/\/patisserie-rolland.empowerdigitaldata.com\/en\/wp-json\/wp\/v2\/types\/product"}],"replies":[{"embeddable":true,"href":"https:\/\/patisserie-rolland.empowerdigitaldata.com\/en\/wp-json\/wp\/v2\/comments?post=10067"}],"version-history":[{"count":0,"href":"https:\/\/patisserie-rolland.empowerdigitaldata.com\/en\/wp-json\/wp\/v2\/product\/10067\/revisions"}],"wp:featuredmedia":[{"embeddable":true,"href":"https:\/\/patisserie-rolland.empowerdigitaldata.com\/en\/wp-json\/wp\/v2\/media\/10601"}],"wp:attachment":[{"href":"https:\/\/patisserie-rolland.empowerdigitaldata.com\/en\/wp-json\/wp\/v2\/media?parent=10067"}],"wp:term":[{"taxonomy":"product_brand","embeddable":true,"href":"https:\/\/patisserie-rolland.empowerdigitaldata.com\/en\/wp-json\/wp\/v2\/product_brand?post=10067"},{"taxonomy":"product_cat","embeddable":true,"href":"https:\/\/patisserie-rolland.empowerdigitaldata.com\/en\/wp-json\/wp\/v2\/product_cat?post=10067"},{"taxonomy":"product_tag","embeddable":true,"href":"https:\/\/patisserie-rolland.empowerdigitaldata.com\/en\/wp-json\/wp\/v2\/product_tag?post=10067"}],"curies":[{"name":"wp","href":"https:\/\/api.w.org\/{rel}","templated":true}]}}