{"id":10041,"date":"2025-06-27T14:52:57","date_gmt":"2025-06-27T14:52:57","guid":{"rendered":"https:\/\/patisserie-rolland.empowerdigitaldata.com\/product\/gateau-aux-carottes\/"},"modified":"2025-06-27T14:52:57","modified_gmt":"2025-06-27T14:52:57","slug":"gateau-aux-carottes","status":"publish","type":"product","link":"https:\/\/patisserie-rolland.empowerdigitaldata.com\/en\/product\/gateau-aux-carottes\/","title":{"rendered":"G\u00e2teau aux carottes"},"content":{"rendered":"<p><a href=\"https:\/\/maison-rolland.order-online.ai\/#\/subcategory\/81173\" class=\"product-form__add-button button button--primary\" aria-describedby=\"a11y-new-window-message\" target=\"_blank\">Commander en ligne<\/a><\/p>\n<p><span>G\u00e2teau aux carottes, cr\u00e9mage au fromage et d\u00e9cor chocolat.<\/span><\/p>\n<p><span>Accompagnement sugg\u00e9r\u00e9 : Glace a la Vanille.<\/span><\/p>\n<p><span>Allergie : \u0152ufs, farine, produits laitiers.<\/span><\/p>\n<p><span>Dur\u00e9e de vie : 2 \u00e0 4 jours.<\/span><\/p>\n<p><span>Temp\u00e9rature de service : Fra\u00eeche.<\/span><\/p>\n","protected":false},"excerpt":{"rendered":"<p>Commander en ligne G\u00e2teau aux carottes, cr\u00e9mage au fromage et d\u00e9cor chocolat. Accompagnement sugg\u00e9r\u00e9 : Glace a la Vanille. Allergie : \u0152ufs, farine, produits laitiers. Dur\u00e9e de vie : 2 \u00e0 4 jours. Temp\u00e9rature de service : Fra\u00eeche.<\/p>\n","protected":false},"featured_media":10576,"comment_status":"open","ping_status":"closed","template":"","meta":[],"product_brand":[],"product_cat":[178,185],"product_tag":[],"class_list":{"0":"post-10041","1":"product","2":"type-product","3":"status-publish","4":"has-post-thumbnail","6":"product_cat-gateaux-avec-fruits-et-creme","7":"product_cat-patisseries","9":"first","10":"outofstock","11":"taxable","12":"shipping-taxable","13":"purchasable","14":"product-type-simple"},"_links":{"self":[{"href":"https:\/\/patisserie-rolland.empowerdigitaldata.com\/en\/wp-json\/wp\/v2\/product\/10041","targetHints":{"allow":["GET"]}}],"collection":[{"href":"https:\/\/patisserie-rolland.empowerdigitaldata.com\/en\/wp-json\/wp\/v2\/product"}],"about":[{"href":"https:\/\/patisserie-rolland.empowerdigitaldata.com\/en\/wp-json\/wp\/v2\/types\/product"}],"replies":[{"embeddable":true,"href":"https:\/\/patisserie-rolland.empowerdigitaldata.com\/en\/wp-json\/wp\/v2\/comments?post=10041"}],"version-history":[{"count":0,"href":"https:\/\/patisserie-rolland.empowerdigitaldata.com\/en\/wp-json\/wp\/v2\/product\/10041\/revisions"}],"wp:featuredmedia":[{"embeddable":true,"href":"https:\/\/patisserie-rolland.empowerdigitaldata.com\/en\/wp-json\/wp\/v2\/media\/10576"}],"wp:attachment":[{"href":"https:\/\/patisserie-rolland.empowerdigitaldata.com\/en\/wp-json\/wp\/v2\/media?parent=10041"}],"wp:term":[{"taxonomy":"product_brand","embeddable":true,"href":"https:\/\/patisserie-rolland.empowerdigitaldata.com\/en\/wp-json\/wp\/v2\/product_brand?post=10041"},{"taxonomy":"product_cat","embeddable":true,"href":"https:\/\/patisserie-rolland.empowerdigitaldata.com\/en\/wp-json\/wp\/v2\/product_cat?post=10041"},{"taxonomy":"product_tag","embeddable":true,"href":"https:\/\/patisserie-rolland.empowerdigitaldata.com\/en\/wp-json\/wp\/v2\/product_tag?post=10041"}],"curies":[{"name":"wp","href":"https:\/\/api.w.org\/{rel}","templated":true}]}}