{"id":10040,"date":"2025-06-27T14:52:57","date_gmt":"2025-06-27T14:52:57","guid":{"rendered":"https:\/\/patisserie-rolland.empowerdigitaldata.com\/product\/gateau-au-fromage-indiv\/"},"modified":"2025-06-27T14:52:57","modified_gmt":"2025-06-27T14:52:57","slug":"gateau-au-fromage-indiv","status":"publish","type":"product","link":"https:\/\/patisserie-rolland.empowerdigitaldata.com\/en\/product\/gateau-au-fromage-indiv\/","title":{"rendered":"G\u00e2teau au fromage (indiv.)"},"content":{"rendered":"<p><a href=\"https:\/\/maison-rolland.order-online.ai\/#\/subcategory\/81991\" class=\"product-form__add-button button button--primary\" rel=\"noopener\" aria-describedby=\"a11y-new-window-message\" target=\"_blank\">Commander en ligne<\/a><\/p>\n<p data-mce-fragment=\"1\">Fond de biscuit Graham, remplissage maison au fromage cuit au four.<\/p>\n<p data-mce-fragment=\"1\">Accompagnement<span data-mce-fragment=\"1\">\u00a0sugg\u00e9r\u00e9<\/span> : Coulis de framboises<br data-mce-fragment=\"1\"><\/p>\n<p data-mce-fragment=\"1\">Allergies : \u0152uf, farine,<br data-mce-fragment=\"1\">Dur\u00e9e de vie : 2 \u00e0 3 jours<br data-mce-fragment=\"1\">Temp\u00e9rature du service : Fra\u00eeche<\/p>\n","protected":false},"excerpt":{"rendered":"<p>Commander en ligne Fond de biscuit Graham, remplissage maison au fromage cuit au four. Accompagnement\u00a0sugg\u00e9r\u00e9 : Coulis de framboises Allergies : \u0152uf, farine,Dur\u00e9e de vie : 2 \u00e0 3 joursTemp\u00e9rature du service : Fra\u00eeche<\/p>\n","protected":false},"featured_media":10575,"comment_status":"open","ping_status":"closed","template":"","meta":[],"product_brand":[],"product_cat":[186],"product_tag":[],"class_list":{"0":"post-10040","1":"product","2":"type-product","3":"status-publish","4":"has-post-thumbnail","6":"product_cat-patisseries-individuelles","8":"first","9":"outofstock","10":"taxable","11":"shipping-taxable","12":"purchasable","13":"product-type-simple"},"_links":{"self":[{"href":"https:\/\/patisserie-rolland.empowerdigitaldata.com\/en\/wp-json\/wp\/v2\/product\/10040","targetHints":{"allow":["GET"]}}],"collection":[{"href":"https:\/\/patisserie-rolland.empowerdigitaldata.com\/en\/wp-json\/wp\/v2\/product"}],"about":[{"href":"https:\/\/patisserie-rolland.empowerdigitaldata.com\/en\/wp-json\/wp\/v2\/types\/product"}],"replies":[{"embeddable":true,"href":"https:\/\/patisserie-rolland.empowerdigitaldata.com\/en\/wp-json\/wp\/v2\/comments?post=10040"}],"version-history":[{"count":0,"href":"https:\/\/patisserie-rolland.empowerdigitaldata.com\/en\/wp-json\/wp\/v2\/product\/10040\/revisions"}],"wp:featuredmedia":[{"embeddable":true,"href":"https:\/\/patisserie-rolland.empowerdigitaldata.com\/en\/wp-json\/wp\/v2\/media\/10575"}],"wp:attachment":[{"href":"https:\/\/patisserie-rolland.empowerdigitaldata.com\/en\/wp-json\/wp\/v2\/media?parent=10040"}],"wp:term":[{"taxonomy":"product_brand","embeddable":true,"href":"https:\/\/patisserie-rolland.empowerdigitaldata.com\/en\/wp-json\/wp\/v2\/product_brand?post=10040"},{"taxonomy":"product_cat","embeddable":true,"href":"https:\/\/patisserie-rolland.empowerdigitaldata.com\/en\/wp-json\/wp\/v2\/product_cat?post=10040"},{"taxonomy":"product_tag","embeddable":true,"href":"https:\/\/patisserie-rolland.empowerdigitaldata.com\/en\/wp-json\/wp\/v2\/product_tag?post=10040"}],"curies":[{"name":"wp","href":"https:\/\/api.w.org\/{rel}","templated":true}]}}