{"id":10038,"date":"2025-06-27T14:52:56","date_gmt":"2025-06-27T14:52:56","guid":{"rendered":"https:\/\/patisserie-rolland.empowerdigitaldata.com\/product\/galette-des-rois-pithivier\/"},"modified":"2025-06-27T14:52:56","modified_gmt":"2025-06-27T14:52:56","slug":"galette-des-rois-pithivier","status":"publish","type":"product","link":"https:\/\/patisserie-rolland.empowerdigitaldata.com\/en\/product\/galette-des-rois-pithivier\/","title":{"rendered":"Galette des rois (Pithivier)"},"content":{"rendered":"<p><a href=\"https:\/\/maison-rolland.order-online.ai\/#\/subcategory\/82794\" class=\"product-form__add-button button button--primary\" aria-describedby=\"a11y-new-window-message\" target=\"_blank\">Commander en ligne<\/a><\/p>\n<p>P\u00e2te feuillet\u00e9, cr\u00e8me d\u2019amande et une confiture de framboise.<\/p>\n<p>Allergies : \u0152uf, farine, noix, produit laitier<\/p>\n<p>Dur\u00e9e de vie : 3 \u00e0 4 jours <br data-mce-fragment=\"1\">Temp\u00e9rature du service : Ambiante<\/p>\n","protected":false},"excerpt":{"rendered":"<p>Commander en ligne P\u00e2te feuillet\u00e9, cr\u00e8me d\u2019amande et une confiture de framboise. Allergies : \u0152uf, farine, noix, produit laitier Dur\u00e9e de vie : 3 \u00e0 4 jours Temp\u00e9rature du service : Ambiante<\/p>\n","protected":false},"featured_media":10573,"comment_status":"open","ping_status":"closed","template":"","meta":[],"product_brand":[],"product_cat":[185],"product_tag":[162],"class_list":{"0":"post-10038","1":"product","2":"type-product","3":"status-publish","4":"has-post-thumbnail","6":"product_cat-patisseries","7":"product_tag-inscription","9":"first","10":"outofstock","11":"taxable","12":"shipping-taxable","13":"purchasable","14":"product-type-simple"},"_links":{"self":[{"href":"https:\/\/patisserie-rolland.empowerdigitaldata.com\/en\/wp-json\/wp\/v2\/product\/10038","targetHints":{"allow":["GET"]}}],"collection":[{"href":"https:\/\/patisserie-rolland.empowerdigitaldata.com\/en\/wp-json\/wp\/v2\/product"}],"about":[{"href":"https:\/\/patisserie-rolland.empowerdigitaldata.com\/en\/wp-json\/wp\/v2\/types\/product"}],"replies":[{"embeddable":true,"href":"https:\/\/patisserie-rolland.empowerdigitaldata.com\/en\/wp-json\/wp\/v2\/comments?post=10038"}],"version-history":[{"count":0,"href":"https:\/\/patisserie-rolland.empowerdigitaldata.com\/en\/wp-json\/wp\/v2\/product\/10038\/revisions"}],"wp:featuredmedia":[{"embeddable":true,"href":"https:\/\/patisserie-rolland.empowerdigitaldata.com\/en\/wp-json\/wp\/v2\/media\/10573"}],"wp:attachment":[{"href":"https:\/\/patisserie-rolland.empowerdigitaldata.com\/en\/wp-json\/wp\/v2\/media?parent=10038"}],"wp:term":[{"taxonomy":"product_brand","embeddable":true,"href":"https:\/\/patisserie-rolland.empowerdigitaldata.com\/en\/wp-json\/wp\/v2\/product_brand?post=10038"},{"taxonomy":"product_cat","embeddable":true,"href":"https:\/\/patisserie-rolland.empowerdigitaldata.com\/en\/wp-json\/wp\/v2\/product_cat?post=10038"},{"taxonomy":"product_tag","embeddable":true,"href":"https:\/\/patisserie-rolland.empowerdigitaldata.com\/en\/wp-json\/wp\/v2\/product_tag?post=10038"}],"curies":[{"name":"wp","href":"https:\/\/api.w.org\/{rel}","templated":true}]}}