{"id":10034,"date":"2025-06-27T14:52:56","date_gmt":"2025-06-27T14:52:56","guid":{"rendered":"https:\/\/patisserie-rolland.empowerdigitaldata.com\/product\/fraisier\/"},"modified":"2025-06-27T14:52:56","modified_gmt":"2025-06-27T14:52:56","slug":"fraisier","status":"publish","type":"product","link":"https:\/\/patisserie-rolland.empowerdigitaldata.com\/en\/product\/fraisier\/","title":{"rendered":"Fraisier"},"content":{"rendered":"<p><a href=\"https:\/\/maison-rolland.order-online.ai\/#\/subcategory\/81173\" class=\"product-form__add-button button button--primary\" rel=\"noopener\" aria-describedby=\"a11y-new-window-message\" target=\"_blank\">Commander en ligne<\/a><\/p>\n<p><span>P\u00e2te \u00e0 la vanille, imbib\u00e9e d&#8217;un sirop, mousseline, fraises fra\u00eeches, p\u00e2te d\u2019amande.<\/span><\/p>\n<p><span>Accompagnement sugg\u00e9r\u00e9 : Coulis de Fraises.<\/span><\/p>\n<p><span>Allergie : \u0152ufs, farine, noix, produits laitiers.<\/span><br \/><span><\/span><\/p>\n<p><span>Dur\u00e9e de vie : 2 \u00e0 4 jours.<\/span><\/p>\n<p><span>Temp\u00e9rature du service : Fra\u00eeche<\/span><\/p>\n","protected":false},"excerpt":{"rendered":"<p>Commander en ligne P\u00e2te \u00e0 la vanille, imbib\u00e9e d&#8217;un sirop, mousseline, fraises fra\u00eeches, p\u00e2te d\u2019amande. Accompagnement sugg\u00e9r\u00e9 : Coulis de Fraises. Allergie : \u0152ufs, farine, noix, produits laitiers. Dur\u00e9e de vie : 2 \u00e0 4 jours. Temp\u00e9rature du service : Fra\u00eeche<\/p>\n","protected":false},"featured_media":10571,"comment_status":"open","ping_status":"closed","template":"","meta":[],"product_brand":[],"product_cat":[178,185,190],"product_tag":[162],"class_list":{"0":"post-10034","1":"product","2":"type-product","3":"status-publish","4":"has-post-thumbnail","6":"product_cat-gateaux-avec-fruits-et-creme","7":"product_cat-patisseries","8":"product_cat-produits-vedettes","9":"product_tag-inscription","11":"first","12":"outofstock","13":"taxable","14":"shipping-taxable","15":"purchasable","16":"product-type-simple"},"_links":{"self":[{"href":"https:\/\/patisserie-rolland.empowerdigitaldata.com\/en\/wp-json\/wp\/v2\/product\/10034","targetHints":{"allow":["GET"]}}],"collection":[{"href":"https:\/\/patisserie-rolland.empowerdigitaldata.com\/en\/wp-json\/wp\/v2\/product"}],"about":[{"href":"https:\/\/patisserie-rolland.empowerdigitaldata.com\/en\/wp-json\/wp\/v2\/types\/product"}],"replies":[{"embeddable":true,"href":"https:\/\/patisserie-rolland.empowerdigitaldata.com\/en\/wp-json\/wp\/v2\/comments?post=10034"}],"version-history":[{"count":0,"href":"https:\/\/patisserie-rolland.empowerdigitaldata.com\/en\/wp-json\/wp\/v2\/product\/10034\/revisions"}],"wp:featuredmedia":[{"embeddable":true,"href":"https:\/\/patisserie-rolland.empowerdigitaldata.com\/en\/wp-json\/wp\/v2\/media\/10571"}],"wp:attachment":[{"href":"https:\/\/patisserie-rolland.empowerdigitaldata.com\/en\/wp-json\/wp\/v2\/media?parent=10034"}],"wp:term":[{"taxonomy":"product_brand","embeddable":true,"href":"https:\/\/patisserie-rolland.empowerdigitaldata.com\/en\/wp-json\/wp\/v2\/product_brand?post=10034"},{"taxonomy":"product_cat","embeddable":true,"href":"https:\/\/patisserie-rolland.empowerdigitaldata.com\/en\/wp-json\/wp\/v2\/product_cat?post=10034"},{"taxonomy":"product_tag","embeddable":true,"href":"https:\/\/patisserie-rolland.empowerdigitaldata.com\/en\/wp-json\/wp\/v2\/product_tag?post=10034"}],"curies":[{"name":"wp","href":"https:\/\/api.w.org\/{rel}","templated":true}]}}