{"id":10016,"date":"2025-06-27T14:52:53","date_gmt":"2025-06-27T14:52:53","guid":{"rendered":"https:\/\/patisserie-rolland.empowerdigitaldata.com\/product\/delice-choco-de-papa\/"},"modified":"2025-06-27T14:52:53","modified_gmt":"2025-06-27T14:52:53","slug":"delice-choco-de-papa","status":"publish","type":"product","link":"https:\/\/patisserie-rolland.empowerdigitaldata.com\/en\/product\/delice-choco-de-papa\/","title":{"rendered":"D\u00e9lice choco de Papa"},"content":{"rendered":"<p>G\u00e9noise au chocolat, sirop de kirsch, cr\u00e8me chantilly, fraises fra\u00eeches, d\u00e9coration en chocolat<\/p>\n<p>Accompagnement : Coulis \u00e0 la vanille <br data-mce-fragment=\"1\"><\/p>\n<p>Allergies : \u0152uf, farine, noix, produit laitier <br data-mce-fragment=\"1\">Dur\u00e9e de vie : 2 \u00e0 4 jours <br data-mce-fragment=\"1\">Temp\u00e9rature du service :\u00a0R\u00e9frig\u00e9r\u00e9<\/p>\n","protected":false},"excerpt":{"rendered":"<p>G\u00e9noise au chocolat, sirop de kirsch, cr\u00e8me chantilly, fraises fra\u00eeches, d\u00e9coration en chocolat Accompagnement : Coulis \u00e0 la vanille Allergies : \u0152uf, farine, noix, produit laitier Dur\u00e9e de vie : 2 \u00e0 4 jours Temp\u00e9rature du service :\u00a0R\u00e9frig\u00e9r\u00e9<\/p>\n","protected":false},"featured_media":10553,"comment_status":"open","ping_status":"closed","template":"","meta":[],"product_brand":[],"product_cat":[197],"product_tag":[165,162],"class_list":{"0":"post-10016","1":"product","2":"type-product","3":"status-publish","4":"has-post-thumbnail","6":"product_cat-fete-des-peres","7":"product_tag-fete-des-peres","8":"product_tag-inscription","10":"first","11":"outofstock","12":"taxable","13":"shipping-taxable","14":"purchasable","15":"product-type-simple"},"_links":{"self":[{"href":"https:\/\/patisserie-rolland.empowerdigitaldata.com\/en\/wp-json\/wp\/v2\/product\/10016","targetHints":{"allow":["GET"]}}],"collection":[{"href":"https:\/\/patisserie-rolland.empowerdigitaldata.com\/en\/wp-json\/wp\/v2\/product"}],"about":[{"href":"https:\/\/patisserie-rolland.empowerdigitaldata.com\/en\/wp-json\/wp\/v2\/types\/product"}],"replies":[{"embeddable":true,"href":"https:\/\/patisserie-rolland.empowerdigitaldata.com\/en\/wp-json\/wp\/v2\/comments?post=10016"}],"version-history":[{"count":0,"href":"https:\/\/patisserie-rolland.empowerdigitaldata.com\/en\/wp-json\/wp\/v2\/product\/10016\/revisions"}],"wp:featuredmedia":[{"embeddable":true,"href":"https:\/\/patisserie-rolland.empowerdigitaldata.com\/en\/wp-json\/wp\/v2\/media\/10553"}],"wp:attachment":[{"href":"https:\/\/patisserie-rolland.empowerdigitaldata.com\/en\/wp-json\/wp\/v2\/media?parent=10016"}],"wp:term":[{"taxonomy":"product_brand","embeddable":true,"href":"https:\/\/patisserie-rolland.empowerdigitaldata.com\/en\/wp-json\/wp\/v2\/product_brand?post=10016"},{"taxonomy":"product_cat","embeddable":true,"href":"https:\/\/patisserie-rolland.empowerdigitaldata.com\/en\/wp-json\/wp\/v2\/product_cat?post=10016"},{"taxonomy":"product_tag","embeddable":true,"href":"https:\/\/patisserie-rolland.empowerdigitaldata.com\/en\/wp-json\/wp\/v2\/product_tag?post=10016"}],"curies":[{"name":"wp","href":"https:\/\/api.w.org\/{rel}","templated":true}]}}