{"id":10011,"date":"2025-06-27T14:52:53","date_gmt":"2025-06-27T14:52:53","guid":{"rendered":"https:\/\/patisserie-rolland.empowerdigitaldata.com\/product\/delice-a-lerable\/"},"modified":"2025-06-27T14:52:53","modified_gmt":"2025-06-27T14:52:53","slug":"delice-a-lerable","status":"publish","type":"product","link":"https:\/\/patisserie-rolland.empowerdigitaldata.com\/en\/product\/delice-a-lerable\/","title":{"rendered":"D\u00e9lice \u00e0 l&#8217;\u00e9rable"},"content":{"rendered":"<p><span>Biscuit amande \u00e0 l&#8217;\u00e9rable sans gluten, cr\u00e8me au beurre \u00e0 l&#8217;\u00e9rable, cr\u00e8me br\u00fbl\u00e9e \u00e0 la vanille,\u00a0cr\u00e9meux \u00e9rable, imbibage \u00e0 l&#8217;\u00e9rable, miroir au chocolat.<\/span><\/p>\n<p>Accompagnement : Coulis \u00e0 la vanille<br data-mce-fragment=\"1\"><\/p>\n<p>Allergies : \u0152uf, noix, produit laitier<br data-mce-fragment=\"1\">Dur\u00e9e de vie : 5 jours<br data-mce-fragment=\"1\">Temp\u00e9rature du service :\u00a0R\u00e9frig\u00e9r\u00e9. Sortir 2 heure avant d\u00e9gustation<\/p>\n<p>\u00a0<\/p>\n","protected":false},"excerpt":{"rendered":"<p>Biscuit amande \u00e0 l&#8217;\u00e9rable sans gluten, cr\u00e8me au beurre \u00e0 l&#8217;\u00e9rable, cr\u00e8me br\u00fbl\u00e9e \u00e0 la vanille,\u00a0cr\u00e9meux \u00e9rable, imbibage \u00e0 l&#8217;\u00e9rable, miroir au chocolat. Accompagnement : Coulis \u00e0 la vanille Allergies : \u0152uf, noix, produit laitierDur\u00e9e de vie : 5 joursTemp\u00e9rature du service :\u00a0R\u00e9frig\u00e9r\u00e9. Sortir 2 heure avant d\u00e9gustation \u00a0<\/p>\n","protected":false},"featured_media":10546,"comment_status":"open","ping_status":"closed","template":"","meta":[],"product_brand":[],"product_cat":[172,185],"product_tag":[],"class_list":{"0":"post-10011","1":"product","2":"type-product","3":"status-publish","4":"has-post-thumbnail","6":"product_cat-a-lerable","7":"product_cat-patisseries","9":"first","10":"outofstock","11":"taxable","12":"shipping-taxable","13":"purchasable","14":"product-type-simple"},"_links":{"self":[{"href":"https:\/\/patisserie-rolland.empowerdigitaldata.com\/en\/wp-json\/wp\/v2\/product\/10011","targetHints":{"allow":["GET"]}}],"collection":[{"href":"https:\/\/patisserie-rolland.empowerdigitaldata.com\/en\/wp-json\/wp\/v2\/product"}],"about":[{"href":"https:\/\/patisserie-rolland.empowerdigitaldata.com\/en\/wp-json\/wp\/v2\/types\/product"}],"replies":[{"embeddable":true,"href":"https:\/\/patisserie-rolland.empowerdigitaldata.com\/en\/wp-json\/wp\/v2\/comments?post=10011"}],"version-history":[{"count":0,"href":"https:\/\/patisserie-rolland.empowerdigitaldata.com\/en\/wp-json\/wp\/v2\/product\/10011\/revisions"}],"wp:featuredmedia":[{"embeddable":true,"href":"https:\/\/patisserie-rolland.empowerdigitaldata.com\/en\/wp-json\/wp\/v2\/media\/10546"}],"wp:attachment":[{"href":"https:\/\/patisserie-rolland.empowerdigitaldata.com\/en\/wp-json\/wp\/v2\/media?parent=10011"}],"wp:term":[{"taxonomy":"product_brand","embeddable":true,"href":"https:\/\/patisserie-rolland.empowerdigitaldata.com\/en\/wp-json\/wp\/v2\/product_brand?post=10011"},{"taxonomy":"product_cat","embeddable":true,"href":"https:\/\/patisserie-rolland.empowerdigitaldata.com\/en\/wp-json\/wp\/v2\/product_cat?post=10011"},{"taxonomy":"product_tag","embeddable":true,"href":"https:\/\/patisserie-rolland.empowerdigitaldata.com\/en\/wp-json\/wp\/v2\/product_tag?post=10011"}],"curies":[{"name":"wp","href":"https:\/\/api.w.org\/{rel}","templated":true}]}}