{"id":10004,"date":"2025-06-27T14:52:51","date_gmt":"2025-06-27T14:52:51","guid":{"rendered":"https:\/\/patisserie-rolland.empowerdigitaldata.com\/product\/creme-noisettes\/"},"modified":"2025-06-27T14:52:51","modified_gmt":"2025-06-27T14:52:51","slug":"creme-noisettes","status":"publish","type":"product","link":"https:\/\/patisserie-rolland.empowerdigitaldata.com\/en\/product\/creme-noisettes\/","title":{"rendered":"Cr\u00e8me noisettes"},"content":{"rendered":"<p><a href=\"https:\/\/maison-rolland.order-online.ai\/#\/subcategory\/81176\" class=\"product-form__add-button button button--primary\" rel=\"noopener\" aria-describedby=\"a11y-new-window-message\" target=\"_blank\">Commander en ligne<\/a><\/p>\n<p data-mce-fragment=\"1\"><span>P\u00e2te au chocolat, cr\u00e8me au beurre choco-noisette, p\u00e2te \u00e0 glacer choco-noisette.<\/span><\/p>\n<p><span>Accompagnement sugg\u00e9r\u00e9: Glace \u00e0 la Vanille.<\/span><\/p>\n<p><span>Allergies: \u0153ufs, farine, noix, produits laitiers.<\/span><\/p>\n<p><span>Dur\u00e9e de vie: 7 \u00e0 10 jours.<\/span><\/p>\n<p><span>Temp\u00e9rature de service sugg\u00e9r\u00e9e: Ambiante.<\/span><\/p>\n","protected":false},"excerpt":{"rendered":"<p>Commander en ligne P\u00e2te au chocolat, cr\u00e8me au beurre choco-noisette, p\u00e2te \u00e0 glacer choco-noisette. Accompagnement sugg\u00e9r\u00e9: Glace \u00e0 la Vanille. Allergies: \u0153ufs, farine, noix, produits laitiers. Dur\u00e9e de vie: 7 \u00e0 10 jours. Temp\u00e9rature de service sugg\u00e9r\u00e9e: Ambiante.<\/p>\n","protected":false},"featured_media":10536,"comment_status":"open","ping_status":"closed","template":"","meta":[],"product_brand":[],"product_cat":[179],"product_tag":[162],"class_list":{"0":"post-10004","1":"product","2":"type-product","3":"status-publish","4":"has-post-thumbnail","6":"product_cat-gateaux-maison","7":"product_tag-inscription","9":"first","10":"outofstock","11":"taxable","12":"shipping-taxable","13":"product-type-simple"},"_links":{"self":[{"href":"https:\/\/patisserie-rolland.empowerdigitaldata.com\/en\/wp-json\/wp\/v2\/product\/10004","targetHints":{"allow":["GET"]}}],"collection":[{"href":"https:\/\/patisserie-rolland.empowerdigitaldata.com\/en\/wp-json\/wp\/v2\/product"}],"about":[{"href":"https:\/\/patisserie-rolland.empowerdigitaldata.com\/en\/wp-json\/wp\/v2\/types\/product"}],"replies":[{"embeddable":true,"href":"https:\/\/patisserie-rolland.empowerdigitaldata.com\/en\/wp-json\/wp\/v2\/comments?post=10004"}],"version-history":[{"count":0,"href":"https:\/\/patisserie-rolland.empowerdigitaldata.com\/en\/wp-json\/wp\/v2\/product\/10004\/revisions"}],"wp:featuredmedia":[{"embeddable":true,"href":"https:\/\/patisserie-rolland.empowerdigitaldata.com\/en\/wp-json\/wp\/v2\/media\/10536"}],"wp:attachment":[{"href":"https:\/\/patisserie-rolland.empowerdigitaldata.com\/en\/wp-json\/wp\/v2\/media?parent=10004"}],"wp:term":[{"taxonomy":"product_brand","embeddable":true,"href":"https:\/\/patisserie-rolland.empowerdigitaldata.com\/en\/wp-json\/wp\/v2\/product_brand?post=10004"},{"taxonomy":"product_cat","embeddable":true,"href":"https:\/\/patisserie-rolland.empowerdigitaldata.com\/en\/wp-json\/wp\/v2\/product_cat?post=10004"},{"taxonomy":"product_tag","embeddable":true,"href":"https:\/\/patisserie-rolland.empowerdigitaldata.com\/en\/wp-json\/wp\/v2\/product_tag?post=10004"}],"curies":[{"name":"wp","href":"https:\/\/api.w.org\/{rel}","templated":true}]}}